{"id":85,"date":"2023-05-13T18:59:42","date_gmt":"2023-05-13T21:59:42","guid":{"rendered":"https:\/\/mipconsult.com.br\/?page_id=85"},"modified":"2023-06-05T07:54:27","modified_gmt":"2023-06-05T10:54:27","slug":"aplicacoes","status":"publish","type":"page","link":"https:\/\/mipconsult.com.br\/index.php\/aplicacoes\/","title":{"rendered":"aplicacoes"},"content":{"rendered":"\t\t<div data-elementor-type=\"wp-page\" data-elementor-id=\"85\" class=\"elementor elementor-85\">\n\t\t\t\t\t\t\t<div class=\"elementor-element elementor-element-af56f19 e-flex e-con-boxed e-con\" data-id=\"af56f19\" data-element_type=\"container\" data-settings=\"{&quot;content_width&quot;:&quot;boxed&quot;}\">\n\t\t\t\t\t<div class=\"e-con-inner\">\n\t\t\t\t<div class=\"elementor-element elementor-element-2ad96a0 elementor-widget__width-initial elementor-widget elementor-widget-accordion\" data-id=\"2ad96a0\" data-element_type=\"widget\" data-widget_type=\"accordion.default\">\n\t\t\t\t<div class=\"elementor-widget-container\">\n\t\t\t<style>\/*! elementor - v3.14.0 - 18-06-2023 *\/\n.elementor-accordion{text-align:left}.elementor-accordion .elementor-accordion-item{border:1px solid #d5d8dc}.elementor-accordion .elementor-accordion-item+.elementor-accordion-item{border-top:none}.elementor-accordion .elementor-tab-title{margin:0;padding:15px 20px;font-weight:700;line-height:1;cursor:pointer;outline:none}.elementor-accordion .elementor-tab-title .elementor-accordion-icon{display:inline-block;width:1.5em}.elementor-accordion .elementor-tab-title .elementor-accordion-icon svg{width:1em;height:1em}.elementor-accordion .elementor-tab-title .elementor-accordion-icon.elementor-accordion-icon-right{float:right;text-align:right}.elementor-accordion .elementor-tab-title .elementor-accordion-icon.elementor-accordion-icon-left{float:left;text-align:left}.elementor-accordion .elementor-tab-title .elementor-accordion-icon .elementor-accordion-icon-closed{display:block}.elementor-accordion .elementor-tab-title .elementor-accordion-icon .elementor-accordion-icon-opened,.elementor-accordion .elementor-tab-title.elementor-active .elementor-accordion-icon-closed{display:none}.elementor-accordion .elementor-tab-title.elementor-active .elementor-accordion-icon-opened{display:block}.elementor-accordion .elementor-tab-content{display:none;padding:15px 20px;border-top:1px solid #d5d8dc}@media (max-width:767px){.elementor-accordion .elementor-tab-title{padding:12px 15px}.elementor-accordion .elementor-tab-title .elementor-accordion-icon{width:1.2em}.elementor-accordion .elementor-tab-content{padding:7px 15px}}.e-con-inner>.elementor-widget-accordion,.e-con>.elementor-widget-accordion{width:var(--container-widget-width);--flex-grow:var(--container-widget-flex-grow)}<\/style>\t\t<div class=\"elementor-accordion\">\n\t\t\t\t\t\t\t<div class=\"elementor-accordion-item\">\n\t\t\t\t\t<div id=\"elementor-tab-title-4491\" class=\"elementor-tab-title\" data-tab=\"1\" role=\"button\" aria-controls=\"elementor-tab-content-4491\" aria-expanded=\"false\">\n\t\t\t\t\t\t\t\t\t\t\t\t\t<span class=\"elementor-accordion-icon elementor-accordion-icon-left\" aria-hidden=\"true\">\n\t\t\t\t\t\t\t\t\t\t\t\t\t\t\t<span class=\"elementor-accordion-icon-closed\"><svg class=\"e-font-icon-svg e-fas-plus\" viewBox=\"0 0 448 512\" xmlns=\"http:\/\/www.w3.org\/2000\/svg\"><path d=\"M416 208H272V64c0-17.67-14.33-32-32-32h-32c-17.67 0-32 14.33-32 32v144H32c-17.67 0-32 14.33-32 32v32c0 17.67 14.33 32 32 32h144v144c0 17.67 14.33 32 32 32h32c17.67 0 32-14.33 32-32V304h144c17.67 0 32-14.33 32-32v-32c0-17.67-14.33-32-32-32z\"><\/path><\/svg><\/span>\n\t\t\t\t\t\t\t\t<span class=\"elementor-accordion-icon-opened\"><svg class=\"e-font-icon-svg e-fas-minus\" viewBox=\"0 0 448 512\" xmlns=\"http:\/\/www.w3.org\/2000\/svg\"><path d=\"M416 208H32c-17.67 0-32 14.33-32 32v32c0 17.67 14.33 32 32 32h384c17.67 0 32-14.33 32-32v-32c0-17.67-14.33-32-32-32z\"><\/path><\/svg><\/span>\n\t\t\t\t\t\t\t\t\t\t\t\t\t\t<\/span>\n\t\t\t\t\t\t\t\t\t\t\t\t<a class=\"elementor-accordion-title\" tabindex=\"0\">Gera\u00e7\u00e3o de Emprego e Renda<\/a>\n\t\t\t\t\t<\/div>\n\t\t\t\t\t<div id=\"elementor-tab-content-4491\" class=\"elementor-tab-content elementor-clearfix\" data-tab=\"1\" role=\"region\" aria-labelledby=\"elementor-tab-title-4491\"><p>Conhecer os setores que geram emprego e renda \u00e9 importante para entender como a economia funciona e como ela pode ser fortalecida. A aplica\u00e7\u00e3o de recursos escassos p\u00fablicos e privados devem proporcionar o maior retorno poss\u00edvel para empresas, governo e popula\u00e7\u00e3o na forma de lucros, empregos e renda dentro de uma vis\u00e3o de desenvolvimento sustent\u00e1vel. O uso da matriz insumo-produto proporciona a an\u00e1lise mais completa do sistema econ\u00f4mico com estimativa dos diferentes impactos econ\u00f4micos, sociais e ambientais. A regi\u00e3o em an\u00e1lise pode ser um munic\u00edpio, estado ou pa\u00eds ou grupos destas unidades.<\/p><p>Considerando que as cadeias produtivas se expandem para fora da regi\u00e3o de origem do setor analisado, existem impactos inter-regionais (efeito transbordamento) da gera\u00e7\u00e3o de emprego, renda e outras vari\u00e1veis a partir de varia\u00e7\u00f5es da produ\u00e7\u00e3o do setor em an\u00e1lise.<\/p><\/div>\n\t\t\t\t<\/div>\n\t\t\t\t\t\t\t<div class=\"elementor-accordion-item\">\n\t\t\t\t\t<div id=\"elementor-tab-title-4492\" class=\"elementor-tab-title\" data-tab=\"2\" role=\"button\" aria-controls=\"elementor-tab-content-4492\" aria-expanded=\"false\">\n\t\t\t\t\t\t\t\t\t\t\t\t\t<span class=\"elementor-accordion-icon elementor-accordion-icon-left\" aria-hidden=\"true\">\n\t\t\t\t\t\t\t\t\t\t\t\t\t\t\t<span class=\"elementor-accordion-icon-closed\"><svg class=\"e-font-icon-svg e-fas-plus\" viewBox=\"0 0 448 512\" xmlns=\"http:\/\/www.w3.org\/2000\/svg\"><path d=\"M416 208H272V64c0-17.67-14.33-32-32-32h-32c-17.67 0-32 14.33-32 32v144H32c-17.67 0-32 14.33-32 32v32c0 17.67 14.33 32 32 32h144v144c0 17.67 14.33 32 32 32h32c17.67 0 32-14.33 32-32V304h144c17.67 0 32-14.33 32-32v-32c0-17.67-14.33-32-32-32z\"><\/path><\/svg><\/span>\n\t\t\t\t\t\t\t\t<span class=\"elementor-accordion-icon-opened\"><svg class=\"e-font-icon-svg e-fas-minus\" viewBox=\"0 0 448 512\" xmlns=\"http:\/\/www.w3.org\/2000\/svg\"><path d=\"M416 208H32c-17.67 0-32 14.33-32 32v32c0 17.67 14.33 32 32 32h384c17.67 0 32-14.33 32-32v-32c0-17.67-14.33-32-32-32z\"><\/path><\/svg><\/span>\n\t\t\t\t\t\t\t\t\t\t\t\t\t\t<\/span>\n\t\t\t\t\t\t\t\t\t\t\t\t<a class=\"elementor-accordion-title\" tabindex=\"0\">Estudos de Cadeias Produtivas<\/a>\n\t\t\t\t\t<\/div>\n\t\t\t\t\t<div id=\"elementor-tab-content-4492\" class=\"elementor-tab-content elementor-clearfix\" data-tab=\"2\" role=\"region\" aria-labelledby=\"elementor-tab-title-4492\"><p>Cadeias Globais de Valor podem ser definidas como o conjunto de atividades necess\u00e1rias \u00e0 produ\u00e7\u00e3o e entrega do produto ao consumidor final. A qualifica\u00e7\u00e3o do processo como cadeia de valor adv\u00e9m do fato de a produ\u00e7\u00e3o se dar em est\u00e1gios que agregam valores adicionados. Em outras palavras, as cadeias globais de valor podem ser um sin\u00f4nimo para a internacionaliza\u00e7\u00e3o da produ\u00e7\u00e3o.<\/p><p>A import\u00e2ncia das Cadeias Globais de Valor est\u00e1 na compreens\u00e3o e an\u00e1lise do fluxo de valor agregado a cada etapa e ao consumidor final. O aumento da import\u00e2ncia das Cadeias de Valor Global no com\u00e9rcio mundial cria desafios para as estat\u00edsticas usuais de com\u00e9rcio e requer a estima\u00e7\u00e3o de outras medidas para que a forma produtiva seja plenamente compreendida. Desta forma, o uso da matriz insumo-produto permite a an\u00e1lise da gera\u00e7\u00e3o de valor das diferentes cadeias produtivas dentro e fora da regi\u00e3o (munic\u00edpio, estado e pa\u00eds) e estimativa de impactos em termos de emprego, produ\u00e7\u00e3o, renda e vari\u00e1veis ambientais (\u00e1gua e di\u00f3xido de carbono) nas diferentes regi\u00f5es nas quais est\u00e1 presente a cadeia produtiva.<\/p><\/div>\n\t\t\t\t<\/div>\n\t\t\t\t\t\t\t<div class=\"elementor-accordion-item\">\n\t\t\t\t\t<div id=\"elementor-tab-title-4493\" class=\"elementor-tab-title\" data-tab=\"3\" role=\"button\" aria-controls=\"elementor-tab-content-4493\" aria-expanded=\"false\">\n\t\t\t\t\t\t\t\t\t\t\t\t\t<span class=\"elementor-accordion-icon elementor-accordion-icon-left\" aria-hidden=\"true\">\n\t\t\t\t\t\t\t\t\t\t\t\t\t\t\t<span class=\"elementor-accordion-icon-closed\"><svg class=\"e-font-icon-svg e-fas-plus\" viewBox=\"0 0 448 512\" xmlns=\"http:\/\/www.w3.org\/2000\/svg\"><path d=\"M416 208H272V64c0-17.67-14.33-32-32-32h-32c-17.67 0-32 14.33-32 32v144H32c-17.67 0-32 14.33-32 32v32c0 17.67 14.33 32 32 32h144v144c0 17.67 14.33 32 32 32h32c17.67 0 32-14.33 32-32V304h144c17.67 0 32-14.33 32-32v-32c0-17.67-14.33-32-32-32z\"><\/path><\/svg><\/span>\n\t\t\t\t\t\t\t\t<span class=\"elementor-accordion-icon-opened\"><svg class=\"e-font-icon-svg e-fas-minus\" viewBox=\"0 0 448 512\" xmlns=\"http:\/\/www.w3.org\/2000\/svg\"><path d=\"M416 208H32c-17.67 0-32 14.33-32 32v32c0 17.67 14.33 32 32 32h384c17.67 0 32-14.33 32-32v-32c0-17.67-14.33-32-32-32z\"><\/path><\/svg><\/span>\n\t\t\t\t\t\t\t\t\t\t\t\t\t\t<\/span>\n\t\t\t\t\t\t\t\t\t\t\t\t<a class=\"elementor-accordion-title\" tabindex=\"0\">Impactos de Pol\u00edticas P\u00fablicas<\/a>\n\t\t\t\t\t<\/div>\n\t\t\t\t\t<div id=\"elementor-tab-content-4493\" class=\"elementor-tab-content elementor-clearfix\" data-tab=\"3\" role=\"region\" aria-labelledby=\"elementor-tab-title-4493\"><p>Mensurar os impactos de pol\u00edticas p\u00fablicas \u00e9 importante para avaliar sua efic\u00e1cia e efetividade. Dados estat\u00edsticos que ajudem a embasar pol\u00edticas p\u00fablicas s\u00e3o t\u00e3o importantes quanto indicadores que avaliem os impactos de um projeto executado. A avalia\u00e7\u00e3o de impactos direciona seus m\u00e9todos para relacionar os efeitos ou impactos causados sobre o p\u00fablico-alvo e avalia a mudan\u00e7a de comportamento a partir da execu\u00e7\u00e3o do projeto2.<\/p><p>Al\u00e9m disso, a escolha de indicadores adequados \u00e9 fundamental para o acompanhamento da gest\u00e3o das pol\u00edticas p\u00fablicas. A fun\u00e7\u00e3o dos indicadores \u00e9 de produzir informa\u00e7\u00f5es espec\u00edficas sobre o desempenho recursivo do programa, do projeto ou da a\u00e7\u00e3o de uma pol\u00edtica p\u00fablica, que ajudam a medir as mudan\u00e7as observadas. Portanto, mensurar os impactos de pol\u00edticas p\u00fablicas \u00e9 fundamental para tomar decis\u00f5es informadas sobre sua continuidade, ajustes ou encerramento.<\/p><\/div>\n\t\t\t\t<\/div>\n\t\t\t\t\t\t\t<div class=\"elementor-accordion-item\">\n\t\t\t\t\t<div id=\"elementor-tab-title-4494\" class=\"elementor-tab-title\" data-tab=\"4\" role=\"button\" aria-controls=\"elementor-tab-content-4494\" aria-expanded=\"false\">\n\t\t\t\t\t\t\t\t\t\t\t\t\t<span class=\"elementor-accordion-icon elementor-accordion-icon-left\" aria-hidden=\"true\">\n\t\t\t\t\t\t\t\t\t\t\t\t\t\t\t<span class=\"elementor-accordion-icon-closed\"><svg class=\"e-font-icon-svg e-fas-plus\" viewBox=\"0 0 448 512\" xmlns=\"http:\/\/www.w3.org\/2000\/svg\"><path d=\"M416 208H272V64c0-17.67-14.33-32-32-32h-32c-17.67 0-32 14.33-32 32v144H32c-17.67 0-32 14.33-32 32v32c0 17.67 14.33 32 32 32h144v144c0 17.67 14.33 32 32 32h32c17.67 0 32-14.33 32-32V304h144c17.67 0 32-14.33 32-32v-32c0-17.67-14.33-32-32-32z\"><\/path><\/svg><\/span>\n\t\t\t\t\t\t\t\t<span class=\"elementor-accordion-icon-opened\"><svg class=\"e-font-icon-svg e-fas-minus\" viewBox=\"0 0 448 512\" xmlns=\"http:\/\/www.w3.org\/2000\/svg\"><path d=\"M416 208H32c-17.67 0-32 14.33-32 32v32c0 17.67 14.33 32 32 32h384c17.67 0 32-14.33 32-32v-32c0-17.67-14.33-32-32-32z\"><\/path><\/svg><\/span>\n\t\t\t\t\t\t\t\t\t\t\t\t\t\t<\/span>\n\t\t\t\t\t\t\t\t\t\t\t\t<a class=\"elementor-accordion-title\" tabindex=\"0\">Identifica\u00e7\u00e3o de Setores-Chave<\/a>\n\t\t\t\t\t<\/div>\n\t\t\t\t\t<div id=\"elementor-tab-content-4494\" class=\"elementor-tab-content elementor-clearfix\" data-tab=\"4\" role=\"region\" aria-labelledby=\"elementor-tab-title-4494\"><p>Identificar setores-chave para o desenvolvimento regional \u00e9 importante para entender como a economia regional funciona e como ela pode ser fortalecida. A identifica\u00e7\u00e3o eficaz dos setores-chave \u00e9 uma importante ferramenta de planejamento econ\u00f4mico e auxilia na tomada de decis\u00f5es pelos planejadores.<\/p><p>Al\u00e9m disso, a an\u00e1lise conjunta e complementar dos m\u00e9todos de identifica\u00e7\u00e3o de setores-chave e motrizes conduzem a uma lista de atividades econ\u00f4micas que s\u00e3o capazes de estimular o sistema produtivo. Essas atividades deveriam ser priorit\u00e1rias para investimentos para sua expans\u00e3o, a fim de otimizar o uso de recursos p\u00fablicos e privados. Portanto, identificar setores-chave para o desenvolvimento regional \u00e9 fundamental para tomar decis\u00f5es informadas sobre pol\u00edticas econ\u00f4micas e investimentos. Os setores mais importantes considerando diferentes vari\u00e1veis s\u00e3o diferentes, assim os setores capazes de gerar mais empregos n\u00e3o s\u00e3o necessariamente aqueles capazes de gerar maior renda ou sal\u00e1rio. Portanto, \u00e9 importante encontrar os setores-chave para cada indicador econ\u00f4mico, social e ambiental.<\/p><\/div>\n\t\t\t\t<\/div>\n\t\t\t\t\t\t\t<div class=\"elementor-accordion-item\">\n\t\t\t\t\t<div id=\"elementor-tab-title-4495\" class=\"elementor-tab-title\" data-tab=\"5\" role=\"button\" aria-controls=\"elementor-tab-content-4495\" aria-expanded=\"false\">\n\t\t\t\t\t\t\t\t\t\t\t\t\t<span class=\"elementor-accordion-icon elementor-accordion-icon-left\" aria-hidden=\"true\">\n\t\t\t\t\t\t\t\t\t\t\t\t\t\t\t<span class=\"elementor-accordion-icon-closed\"><svg class=\"e-font-icon-svg e-fas-plus\" viewBox=\"0 0 448 512\" xmlns=\"http:\/\/www.w3.org\/2000\/svg\"><path d=\"M416 208H272V64c0-17.67-14.33-32-32-32h-32c-17.67 0-32 14.33-32 32v144H32c-17.67 0-32 14.33-32 32v32c0 17.67 14.33 32 32 32h144v144c0 17.67 14.33 32 32 32h32c17.67 0 32-14.33 32-32V304h144c17.67 0 32-14.33 32-32v-32c0-17.67-14.33-32-32-32z\"><\/path><\/svg><\/span>\n\t\t\t\t\t\t\t\t<span class=\"elementor-accordion-icon-opened\"><svg class=\"e-font-icon-svg e-fas-minus\" viewBox=\"0 0 448 512\" xmlns=\"http:\/\/www.w3.org\/2000\/svg\"><path d=\"M416 208H32c-17.67 0-32 14.33-32 32v32c0 17.67 14.33 32 32 32h384c17.67 0 32-14.33 32-32v-32c0-17.67-14.33-32-32-32z\"><\/path><\/svg><\/span>\n\t\t\t\t\t\t\t\t\t\t\t\t\t\t<\/span>\n\t\t\t\t\t\t\t\t\t\t\t\t<a class=\"elementor-accordion-title\" tabindex=\"0\">Impactos de Novas Empresas<\/a>\n\t\t\t\t\t<\/div>\n\t\t\t\t\t<div id=\"elementor-tab-content-4495\" class=\"elementor-tab-content elementor-clearfix\" data-tab=\"5\" role=\"region\" aria-labelledby=\"elementor-tab-title-4495\"><p>Conhecer os impactos locais da entrada de novas empresas \u00e9 importante para entender como a economia local pode ser afetada. A entrada de novas empresas pode trazer benef\u00edcios como a cria\u00e7\u00e3o de empregos, aumento da produtividade e redu\u00e7\u00e3o de custos. Al\u00e9m disso, empresas que inovam crescem mais, mant\u00eam-se alinhadas \u00e0s novas tecnologias e tend\u00eancias e melhoram a rela\u00e7\u00e3o com clientes. No entanto, a entrada de novas empresas tamb\u00e9m pode trazer desafios e impactos negativos, como a concorr\u00eancia com empresas locais j\u00e1 estabelecidas. Portanto, \u00e9 importante avaliar cuidadosamente os impactos locais da entrada de novas empresas para tomar decis\u00f5es informadas sobre pol\u00edticas econ\u00f4micas e investimentos.<\/p><\/div>\n\t\t\t\t<\/div>\n\t\t\t\t\t\t\t<div class=\"elementor-accordion-item\">\n\t\t\t\t\t<div id=\"elementor-tab-title-4496\" class=\"elementor-tab-title\" data-tab=\"6\" role=\"button\" aria-controls=\"elementor-tab-content-4496\" aria-expanded=\"false\">\n\t\t\t\t\t\t\t\t\t\t\t\t\t<span class=\"elementor-accordion-icon elementor-accordion-icon-left\" aria-hidden=\"true\">\n\t\t\t\t\t\t\t\t\t\t\t\t\t\t\t<span class=\"elementor-accordion-icon-closed\"><svg class=\"e-font-icon-svg e-fas-plus\" viewBox=\"0 0 448 512\" xmlns=\"http:\/\/www.w3.org\/2000\/svg\"><path d=\"M416 208H272V64c0-17.67-14.33-32-32-32h-32c-17.67 0-32 14.33-32 32v144H32c-17.67 0-32 14.33-32 32v32c0 17.67 14.33 32 32 32h144v144c0 17.67 14.33 32 32 32h32c17.67 0 32-14.33 32-32V304h144c17.67 0 32-14.33 32-32v-32c0-17.67-14.33-32-32-32z\"><\/path><\/svg><\/span>\n\t\t\t\t\t\t\t\t<span class=\"elementor-accordion-icon-opened\"><svg class=\"e-font-icon-svg e-fas-minus\" viewBox=\"0 0 448 512\" xmlns=\"http:\/\/www.w3.org\/2000\/svg\"><path d=\"M416 208H32c-17.67 0-32 14.33-32 32v32c0 17.67 14.33 32 32 32h384c17.67 0 32-14.33 32-32v-32c0-17.67-14.33-32-32-32z\"><\/path><\/svg><\/span>\n\t\t\t\t\t\t\t\t\t\t\t\t\t\t<\/span>\n\t\t\t\t\t\t\t\t\t\t\t\t<a class=\"elementor-accordion-title\" tabindex=\"0\">Mensura\u00e7\u00e3o de Impactos Ambientais<\/a>\n\t\t\t\t\t<\/div>\n\t\t\t\t\t<div id=\"elementor-tab-content-4496\" class=\"elementor-tab-content elementor-clearfix\" data-tab=\"6\" role=\"region\" aria-labelledby=\"elementor-tab-title-4496\">Lorem ipsum dolor sit amet, consectetur adipiscing elit. Ut elit tellus, luctus nec ullamcorper mattis, pulvinar dapibus leo.<\/div>\n\t\t\t\t<\/div>\n\t\t\t\t\t\t\t\t<\/div>\n\t\t\t\t<\/div>\n\t\t\t\t<\/div>\n\t\t\t\t\t<\/div>\n\t\t\t\t<\/div>\n\t\t\t\t\t\t\t<\/div>\n\t\t","protected":false},"excerpt":{"rendered":"<p>Gera\u00e7\u00e3o de Emprego e Renda Conhecer os setores que geram emprego e renda \u00e9 importante para entender como a economia funciona e como ela pode ser fortalecida. A aplica\u00e7\u00e3o de recursos escassos p\u00fablicos e privados devem proporcionar o maior retorno poss\u00edvel para empresas, governo e popula\u00e7\u00e3o na forma de lucros, empregos e renda dentro de [&hellip;]<\/p>\n","protected":false},"author":1,"featured_media":0,"parent":0,"menu_order":0,"comment_status":"closed","ping_status":"closed","template":"","meta":{"footnotes":""},"_links":{"self":[{"href":"https:\/\/mipconsult.com.br\/index.php\/wp-json\/wp\/v2\/pages\/85"}],"collection":[{"href":"https:\/\/mipconsult.com.br\/index.php\/wp-json\/wp\/v2\/pages"}],"about":[{"href":"https:\/\/mipconsult.com.br\/index.php\/wp-json\/wp\/v2\/types\/page"}],"author":[{"embeddable":true,"href":"https:\/\/mipconsult.com.br\/index.php\/wp-json\/wp\/v2\/users\/1"}],"replies":[{"embeddable":true,"href":"https:\/\/mipconsult.com.br\/index.php\/wp-json\/wp\/v2\/comments?post=85"}],"version-history":[{"count":43,"href":"https:\/\/mipconsult.com.br\/index.php\/wp-json\/wp\/v2\/pages\/85\/revisions"}],"predecessor-version":[{"id":289,"href":"https:\/\/mipconsult.com.br\/index.php\/wp-json\/wp\/v2\/pages\/85\/revisions\/289"}],"wp:attachment":[{"href":"https:\/\/mipconsult.com.br\/index.php\/wp-json\/wp\/v2\/media?parent=85"}],"curies":[{"name":"wp","href":"https:\/\/api.w.org\/{rel}","templated":true}]}}