{"id":94,"date":"2023-05-13T19:15:18","date_gmt":"2023-05-13T22:15:18","guid":{"rendered":"https:\/\/mipconsult.com.br\/?page_id=94"},"modified":"2023-09-19T15:11:46","modified_gmt":"2023-09-19T18:11:46","slug":"equipe","status":"publish","type":"page","link":"https:\/\/mipconsult.com.br\/index.php\/equipe\/","title":{"rendered":"equipe"},"content":{"rendered":"\t\t<div data-elementor-type=\"wp-page\" data-elementor-id=\"94\" class=\"elementor elementor-94\">\n\t\t\t\t\t\t\t<div class=\"elementor-element elementor-element-dbf8d67 e-flex e-con-boxed e-con\" data-id=\"dbf8d67\" data-element_type=\"container\" data-settings=\"{&quot;content_width&quot;:&quot;boxed&quot;}\">\n\t\t\t\t\t<div class=\"e-con-inner\">\n\t\t\t\t<div class=\"elementor-element elementor-element-9f86b8f elementor-position-left elementor-vertical-align-top elementor-widget elementor-widget-image-box\" data-id=\"9f86b8f\" data-element_type=\"widget\" data-widget_type=\"image-box.default\">\n\t\t\t\t<div class=\"elementor-widget-container\">\n\t\t\t<style>\/*! elementor - v3.14.0 - 18-06-2023 *\/\n.elementor-widget-image-box .elementor-image-box-content{width:100%}@media (min-width:768px){.elementor-widget-image-box.elementor-position-left .elementor-image-box-wrapper,.elementor-widget-image-box.elementor-position-right .elementor-image-box-wrapper{display:flex}.elementor-widget-image-box.elementor-position-right .elementor-image-box-wrapper{text-align:right;flex-direction:row-reverse}.elementor-widget-image-box.elementor-position-left .elementor-image-box-wrapper{text-align:left;flex-direction:row}.elementor-widget-image-box.elementor-position-top .elementor-image-box-img{margin:auto}.elementor-widget-image-box.elementor-vertical-align-top .elementor-image-box-wrapper{align-items:flex-start}.elementor-widget-image-box.elementor-vertical-align-middle .elementor-image-box-wrapper{align-items:center}.elementor-widget-image-box.elementor-vertical-align-bottom .elementor-image-box-wrapper{align-items:flex-end}}@media (max-width:767px){.elementor-widget-image-box .elementor-image-box-img{margin-left:auto!important;margin-right:auto!important;margin-bottom:15px}}.elementor-widget-image-box .elementor-image-box-img{display:inline-block}.elementor-widget-image-box .elementor-image-box-title a{color:inherit}.elementor-widget-image-box .elementor-image-box-wrapper{text-align:center}.elementor-widget-image-box .elementor-image-box-description{margin:0}<\/style><div class=\"elementor-image-box-wrapper\"><figure class=\"elementor-image-box-img\"><img loading=\"lazy\" decoding=\"async\" width=\"1409\" height=\"1321\" src=\"https:\/\/mipconsult.com.br\/wp-content\/uploads\/2023\/05\/Carlos_50.png\" class=\"attachment-full size-full wp-image-103\" alt=\"\" srcset=\"https:\/\/mipconsult.com.br\/wp-content\/uploads\/2023\/05\/Carlos_50.png 1409w, https:\/\/mipconsult.com.br\/wp-content\/uploads\/2023\/05\/Carlos_50-300x281.png 300w, https:\/\/mipconsult.com.br\/wp-content\/uploads\/2023\/05\/Carlos_50-1024x960.png 1024w, https:\/\/mipconsult.com.br\/wp-content\/uploads\/2023\/05\/Carlos_50-768x720.png 768w, https:\/\/mipconsult.com.br\/wp-content\/uploads\/2023\/05\/Carlos_50-600x563.png 600w\" sizes=\"(max-width: 1409px) 100vw, 1409px\" \/><\/figure><div class=\"elementor-image-box-content\"><h3 class=\"elementor-image-box-title\">Carlos A. Gon\u00e7alves Junior<\/h3><p class=\"elementor-image-box-description\">Economista dorma pela Universidade Estadual de maring\u00e1 (UEM),mestrado emEconomia do Agroneg\u00f3cio pela Unioeste-Toledo e Doutorado em Economia pela Faculdade de Economia, Administra\u00e7\u00e3o e Contabilidade da USP (FEA\/USP). Atualmente \u00e9 Professor na UNIESTE-Toledo onde leciona as disciplinas de Estat\u00edstica na gradua\u00e7\u00e3o e Modelos de Insumo-produto na P\u00f3s-Gradua\u00e7\u00e3o. Tem como \u00e1rea de atua\u00e7\u00e3o pesquisas em Desenvolvimento Regional e M\u00e9todos Quantitativos Aplicados a an\u00e1lise regional. \u00c9 membro da Associa\u00e7\u00e3o Brasileira de EStudos Regionais e urbanos (ABER), Regional Science Association International (RSAI) e da International Input-Output Association (IIOA).\n<p>\nemail: <a href=\"mailto:cagoncalvesjr@mipconsult.com.br \">cagoncalvesjr@mipconsult.com.br<\/a><br>\n<a href =\"http:\/\/lattes.cnpq.br\/8806604431531229\">Curr\u00edculo Lattes<\/a><\/p><\/div><\/div>\t\t<\/div>\n\t\t\t\t<\/div>\n\t\t\t\t<div class=\"elementor-element elementor-element-6c1c99d elementor-position-left elementor-vertical-align-top elementor-widget elementor-widget-image-box\" data-id=\"6c1c99d\" data-element_type=\"widget\" data-widget_type=\"image-box.default\">\n\t\t\t\t<div class=\"elementor-widget-container\">\n\t\t\t<div class=\"elementor-image-box-wrapper\"><figure class=\"elementor-image-box-img\"><img loading=\"lazy\" decoding=\"async\" width=\"1600\" height=\"1600\" src=\"https:\/\/mipconsult.com.br\/wp-content\/uploads\/2023\/05\/Ricardo_Lopes.jpeg\" class=\"attachment-full size-full wp-image-98\" alt=\"\" srcset=\"https:\/\/mipconsult.com.br\/wp-content\/uploads\/2023\/05\/Ricardo_Lopes.jpeg 1600w, https:\/\/mipconsult.com.br\/wp-content\/uploads\/2023\/05\/Ricardo_Lopes-300x300.jpeg 300w, https:\/\/mipconsult.com.br\/wp-content\/uploads\/2023\/05\/Ricardo_Lopes-1024x1024.jpeg 1024w, https:\/\/mipconsult.com.br\/wp-content\/uploads\/2023\/05\/Ricardo_Lopes-150x150.jpeg 150w, https:\/\/mipconsult.com.br\/wp-content\/uploads\/2023\/05\/Ricardo_Lopes-768x768.jpeg 768w, https:\/\/mipconsult.com.br\/wp-content\/uploads\/2023\/05\/Ricardo_Lopes-1536x1536.jpeg 1536w, https:\/\/mipconsult.com.br\/wp-content\/uploads\/2023\/05\/Ricardo_Lopes-230x230.jpeg 230w, https:\/\/mipconsult.com.br\/wp-content\/uploads\/2023\/05\/Ricardo_Lopes-400x400.jpeg 400w, https:\/\/mipconsult.com.br\/wp-content\/uploads\/2023\/05\/Ricardo_Lopes-600x600.jpeg 600w, https:\/\/mipconsult.com.br\/wp-content\/uploads\/2023\/05\/Ricardo_Lopes-640x640.jpeg 640w\" sizes=\"(max-width: 1600px) 100vw, 1600px\" \/><\/figure><div class=\"elementor-image-box-content\"><h3 class=\"elementor-image-box-title\">Ricardo L. Lopes<\/h3><p class=\"elementor-image-box-description\">Engenheiro Agr\u00f4nomo formado pela Universidade FEderal de Vi\u00e7osa (UFV), mestrado e Doutorado em Economia Aplicada pela Escola Superior de Agricultura \"Luiz de Queiroz\" (ESALQ\/USP). Atualmente \u00e9 professor na Universidade Estadual de Maring\u00e1 (UEM) onde lecicona a disciplina de Econometria na Gradua\u00e7\u00e3o e as disciplinas de Econometrics e Input-Output for Regional Analysis na P\u00f3s-Gradual\u00e3o. Tem como \u00e1rea de  atua\u00e7\u00e3o pesquiesas em desenvolvimento regional e m\u00e9todos quantitativos aplicados na an\u00e1lise regional, com foco em recurso naturais e energia. \u00c9 membro da Associa\u00e7\u00e3o Brasileira de Estudos Regionais e Urbanos (ABER), Regional Science Association International (RSAI) e International INput-Output Association (IIOA).\n<p>\nemail: <a href=\"mailto:rllopes@mipconsult.com.br \">rllopes@mipconsult.com.br<\/a>\n<br>\n<a href =\"http:\/\/lattes.cnpq.br\/7743201348041565\">Curr\u00edculo Lattes<\/a><\/p><\/div><\/div>\t\t<\/div>\n\t\t\t\t<\/div>\n\t\t\t\t<div class=\"elementor-element elementor-element-4ca2151 elementor-position-left elementor-vertical-align-top elementor-widget elementor-widget-image-box\" data-id=\"4ca2151\" data-element_type=\"widget\" data-widget_type=\"image-box.default\">\n\t\t\t\t<div class=\"elementor-widget-container\">\n\t\t\t<div class=\"elementor-image-box-wrapper\"><figure class=\"elementor-image-box-img\"><img loading=\"lazy\" decoding=\"async\" width=\"225\" height=\"225\" src=\"https:\/\/mipconsult.com.br\/wp-content\/uploads\/2023\/05\/Umberto.jpeg\" class=\"attachment-full size-full wp-image-97\" alt=\"\" srcset=\"https:\/\/mipconsult.com.br\/wp-content\/uploads\/2023\/05\/Umberto.jpeg 225w, https:\/\/mipconsult.com.br\/wp-content\/uploads\/2023\/05\/Umberto-150x150.jpeg 150w\" sizes=\"(max-width: 225px) 100vw, 225px\" \/><\/figure><div class=\"elementor-image-box-content\"><h3 class=\"elementor-image-box-title\">Umberto A. Sesso Filho<\/h3><p class=\"elementor-image-box-description\">Engenheiro Agr\u00f4nomo formado pela Escola Superior de Agricultura \"Luiz de Queiroz\" (ESALQ\/USP), mestrado e Doutorado em Economia Aplicada pela Escola Superior de Agricultura \"Luiz de Queiroz\" (ESALQ\/USP). Atualmente \u00e9 professor na Universidade Estadual de Londrina (UEL).\n<p>\nemail: <a href=\"mailto:umasesso@mipconsult.com.br \">umasesso@mipconsult.com.br<\/a>\n<br>\n<a href =\"http:\/\/lattes.cnpq.br\/9797690885662688\">Curr\u00edculo Lattes<\/a><\/p><\/div><\/div>\t\t<\/div>\n\t\t\t\t<\/div>\n\t\t\t\t\t<\/div>\n\t\t\t\t<\/div>\n\t\t\t\t\t\t\t<\/div>\n\t\t","protected":false},"excerpt":{"rendered":"<p>Carlos A. Gon\u00e7alves Junior Economista dorma pela Universidade Estadual de maring\u00e1 (UEM),mestrado emEconomia do Agroneg\u00f3cio pela Unioeste-Toledo e Doutorado em Economia pela Faculdade de Economia, Administra\u00e7\u00e3o e Contabilidade da USP (FEA\/USP). Atualmente \u00e9 Professor na UNIESTE-Toledo onde leciona as disciplinas de Estat\u00edstica na gradua\u00e7\u00e3o e Modelos de Insumo-produto na P\u00f3s-Gradua\u00e7\u00e3o. Tem como \u00e1rea de atua\u00e7\u00e3o [&hellip;]<\/p>\n","protected":false},"author":1,"featured_media":0,"parent":0,"menu_order":0,"comment_status":"closed","ping_status":"closed","template":"","meta":{"footnotes":""},"_links":{"self":[{"href":"https:\/\/mipconsult.com.br\/index.php\/wp-json\/wp\/v2\/pages\/94"}],"collection":[{"href":"https:\/\/mipconsult.com.br\/index.php\/wp-json\/wp\/v2\/pages"}],"about":[{"href":"https:\/\/mipconsult.com.br\/index.php\/wp-json\/wp\/v2\/types\/page"}],"author":[{"embeddable":true,"href":"https:\/\/mipconsult.com.br\/index.php\/wp-json\/wp\/v2\/users\/1"}],"replies":[{"embeddable":true,"href":"https:\/\/mipconsult.com.br\/index.php\/wp-json\/wp\/v2\/comments?post=94"}],"version-history":[{"count":52,"href":"https:\/\/mipconsult.com.br\/index.php\/wp-json\/wp\/v2\/pages\/94\/revisions"}],"predecessor-version":[{"id":298,"href":"https:\/\/mipconsult.com.br\/index.php\/wp-json\/wp\/v2\/pages\/94\/revisions\/298"}],"wp:attachment":[{"href":"https:\/\/mipconsult.com.br\/index.php\/wp-json\/wp\/v2\/media?parent=94"}],"curies":[{"name":"wp","href":"https:\/\/api.w.org\/{rel}","templated":true}]}}